{"id":402,"date":"2023-04-03T11:35:03","date_gmt":"2023-04-03T11:35:03","guid":{"rendered":"https:\/\/natirosado.com\/?page_id=402"},"modified":"2023-04-03T11:40:39","modified_gmt":"2023-04-03T11:40:39","slug":"accesibilidad","status":"publish","type":"page","link":"https:\/\/natirosado.com\/en\/accesibilidad\/","title":{"rendered":"Accesibilidad"},"content":{"rendered":"[et_pb_section fb_built=\u00bb1&#8243; theme_builder_area=\u00bbpost_content\u00bb _builder_version=\u00bb4.17.4&#8243; _module_preset=\u00bbdefault\u00bb][et_pb_row _builder_version=\u00bb4.17.4&#8243; _module_preset=\u00bbdefault\u00bb theme_builder_area=\u00bbpost_content\u00bb][et_pb_column _builder_version=\u00bb4.17.4&#8243; _module_preset=\u00bbdefault\u00bb type=\u00bb4_4&#8243; theme_builder_area=\u00bbpost_content\u00bb][et_pb_text _builder_version=\u00bb4.17.4&#8243; _module_preset=\u00bbdefault\u00bb theme_builder_area=\u00bbpost_content\u00bb hover_enabled=\u00bb0&#8243; sticky_enabled=\u00bb0&#8243;]<p>Despu\u00e9s de llevar a cabo un an\u00e1lisis exhaustivo de la web<span> www.natirosado.com<\/span><span>\u00a0<\/span>se ha comprobado que cumple con las normativas de accesibilidad establecidas por el World Wide Web Consortium (W3C) en el nivel WCAG 2.1 AA. Esto significa que la p\u00e1gina web ha sido dise\u00f1ada y desarrollada de manera tal que permite a las personas con discapacidad tener un acceso igualitario y sin obst\u00e1culos a su contenido y funcionalidad.<\/p>\n<p>Se han evaluado todos los criterios de accesibilidad esenciales, incluyendo pero no limitados a: el contenido en texto alternativo para im\u00e1genes, la navegaci\u00f3n con teclado, la estructura y organizaci\u00f3n del contenido, la comprensi\u00f3n de la p\u00e1gina, la compatibilidad con tecnolog\u00edas de asistencia, y la compatibilidad con diferentes tipos de discapacidad, entre otros.<\/p>\n<p>Es importante destacar que el cumplimiento con las normativas de accesibilidad no solo mejora la experiencia de los usuarios con discapacidad, sino que tambi\u00e9n contribuye a mejorar la accesibilidad y usabilidad de la p\u00e1gina para todos los usuarios.<\/p>\n<p>En resumen, se puede afirmar con seguridad que la p\u00e1gina web en cuesti\u00f3n cumple con los est\u00e1ndares de accesibilidad de WCAG 2.1 AA y est\u00e1 en l\u00ednea con las mejores pr\u00e1cticas en materia de accesibilidad\u00a0web.<\/p>[\/et_pb_text][\/et_pb_column][\/et_pb_row][\/et_pb_section]","protected":false},"excerpt":{"rendered":"<p>Despu\u00e9s de llevar a cabo un an\u00e1lisis exhaustivo de la web www.natirosado.com\u00a0se ha comprobado que cumple con las normativas de accesibilidad establecidas por el World Wide Web Consortium (W3C) en el nivel WCAG 2.1 AA. Esto significa que la p\u00e1gina web ha sido dise\u00f1ada y desarrollada de manera tal que permite a las personas con [&hellip;]<\/p>","protected":false},"author":1,"featured_media":0,"parent":0,"menu_order":0,"comment_status":"closed","ping_status":"closed","template":"","meta":{"_et_pb_use_builder":"on","_et_pb_old_content":"","_et_gb_content_width":""},"yoast_head":"<!-- This site is optimized with the Yoast SEO plugin v20.4 - https:\/\/yoast.com\/wordpress\/plugins\/seo\/ -->\n<title>Accesibilidad - Natividad Rosado Reina<\/title>\n<meta name=\"robots\" content=\"index, follow, max-snippet:-1, max-image-preview:large, max-video-preview:-1\" \/>\n<link rel=\"canonical\" href=\"https:\/\/natirosado.com\/en\/accesibilidad\/\" \/>\n<meta property=\"og:locale\" content=\"en_GB\" \/>\n<meta property=\"og:type\" content=\"article\" \/>\n<meta property=\"og:title\" content=\"Accesibilidad - Natividad Rosado Reina\" \/>\n<meta property=\"og:description\" content=\"Despu\u00e9s de llevar a cabo un an\u00e1lisis exhaustivo de la web www.natirosado.com\u00a0se ha comprobado que cumple con las normativas de accesibilidad establecidas por el World Wide Web Consortium (W3C) en el nivel WCAG 2.1 AA. Esto significa que la p\u00e1gina web ha sido dise\u00f1ada y desarrollada de manera tal que permite a las personas con [&hellip;]\" \/>\n<meta property=\"og:url\" content=\"https:\/\/natirosado.com\/en\/accesibilidad\/\" \/>\n<meta property=\"og:site_name\" content=\"Natividad Rosado Reina\" \/>\n<meta property=\"article:modified_time\" content=\"2023-04-03T11:40:39+00:00\" \/>\n<meta name=\"twitter:card\" content=\"summary_large_image\" \/>\n<meta name=\"twitter:label1\" content=\"Estimated reading time\" \/>\n\t<meta name=\"twitter:data1\" content=\"1 minute\" \/>\n<script type=\"application\/ld+json\" class=\"yoast-schema-graph\">{\"@context\":\"https:\/\/schema.org\",\"@graph\":[{\"@type\":\"WebPage\",\"@id\":\"https:\/\/natirosado.com\/accesibilidad\/\",\"url\":\"https:\/\/natirosado.com\/accesibilidad\/\",\"name\":\"Accesibilidad - Natividad Rosado Reina\",\"isPartOf\":{\"@id\":\"https:\/\/natirosado.com\/#website\"},\"datePublished\":\"2023-04-03T11:35:03+00:00\",\"dateModified\":\"2023-04-03T11:40:39+00:00\",\"breadcrumb\":{\"@id\":\"https:\/\/natirosado.com\/accesibilidad\/#breadcrumb\"},\"inLanguage\":\"en-GB\",\"potentialAction\":[{\"@type\":\"ReadAction\",\"target\":[\"https:\/\/natirosado.com\/accesibilidad\/\"]}]},{\"@type\":\"BreadcrumbList\",\"@id\":\"https:\/\/natirosado.com\/accesibilidad\/#breadcrumb\",\"itemListElement\":[{\"@type\":\"ListItem\",\"position\":1,\"name\":\"Portada\",\"item\":\"https:\/\/natirosado.com\/\"},{\"@type\":\"ListItem\",\"position\":2,\"name\":\"Accesibilidad\"}]},{\"@type\":\"WebSite\",\"@id\":\"https:\/\/natirosado.com\/#website\",\"url\":\"https:\/\/natirosado.com\/\",\"name\":\"Natividad Rosado Reina\",\"description\":\"Soy tu mentora de redes de  mercado en red. Aqu\u00ed descubrir\u00e1s el poder del network marketing para tu crecimiento personal y profesional.\",\"potentialAction\":[{\"@type\":\"SearchAction\",\"target\":{\"@type\":\"EntryPoint\",\"urlTemplate\":\"https:\/\/natirosado.com\/?s={search_term_string}\"},\"query-input\":\"required name=search_term_string\"}],\"inLanguage\":\"en-GB\"}]}<\/script>\n<!-- \/ Yoast SEO plugin. -->","yoast_head_json":{"title":"Accesibilidad - Natividad Rosado Reina","robots":{"index":"index","follow":"follow","max-snippet":"max-snippet:-1","max-image-preview":"max-image-preview:large","max-video-preview":"max-video-preview:-1"},"canonical":"https:\/\/natirosado.com\/en\/accesibilidad\/","og_locale":"en_GB","og_type":"article","og_title":"Accesibilidad - Natividad Rosado Reina","og_description":"Despu\u00e9s de llevar a cabo un an\u00e1lisis exhaustivo de la web www.natirosado.com\u00a0se ha comprobado que cumple con las normativas de accesibilidad establecidas por el World Wide Web Consortium (W3C) en el nivel WCAG 2.1 AA. Esto significa que la p\u00e1gina web ha sido dise\u00f1ada y desarrollada de manera tal que permite a las personas con [&hellip;]","og_url":"https:\/\/natirosado.com\/en\/accesibilidad\/","og_site_name":"Natividad Rosado Reina","article_modified_time":"2023-04-03T11:40:39+00:00","twitter_card":"summary_large_image","twitter_misc":{"Estimated reading time":"1 minute"},"schema":{"@context":"https:\/\/schema.org","@graph":[{"@type":"WebPage","@id":"https:\/\/natirosado.com\/accesibilidad\/","url":"https:\/\/natirosado.com\/accesibilidad\/","name":"Accesibilidad - Natividad Rosado Reina","isPartOf":{"@id":"https:\/\/natirosado.com\/#website"},"datePublished":"2023-04-03T11:35:03+00:00","dateModified":"2023-04-03T11:40:39+00:00","breadcrumb":{"@id":"https:\/\/natirosado.com\/accesibilidad\/#breadcrumb"},"inLanguage":"en-GB","potentialAction":[{"@type":"ReadAction","target":["https:\/\/natirosado.com\/accesibilidad\/"]}]},{"@type":"BreadcrumbList","@id":"https:\/\/natirosado.com\/accesibilidad\/#breadcrumb","itemListElement":[{"@type":"ListItem","position":1,"name":"Portada","item":"https:\/\/natirosado.com\/"},{"@type":"ListItem","position":2,"name":"Accesibilidad"}]},{"@type":"WebSite","@id":"https:\/\/natirosado.com\/#website","url":"https:\/\/natirosado.com\/","name":"Natividad Rosado Reina","description":"Soy tu mentora de redes de  mercado en red. Aqu\u00ed descubrir\u00e1s el poder del network marketing para tu crecimiento personal y profesional.","potentialAction":[{"@type":"SearchAction","target":{"@type":"EntryPoint","urlTemplate":"https:\/\/natirosado.com\/?s={search_term_string}"},"query-input":"required name=search_term_string"}],"inLanguage":"en-GB"}]}},"_links":{"self":[{"href":"https:\/\/natirosado.com\/en\/wp-json\/wp\/v2\/pages\/402"}],"collection":[{"href":"https:\/\/natirosado.com\/en\/wp-json\/wp\/v2\/pages"}],"about":[{"href":"https:\/\/natirosado.com\/en\/wp-json\/wp\/v2\/types\/page"}],"author":[{"embeddable":true,"href":"https:\/\/natirosado.com\/en\/wp-json\/wp\/v2\/users\/1"}],"replies":[{"embeddable":true,"href":"https:\/\/natirosado.com\/en\/wp-json\/wp\/v2\/comments?post=402"}],"version-history":[{"count":3,"href":"https:\/\/natirosado.com\/en\/wp-json\/wp\/v2\/pages\/402\/revisions"}],"predecessor-version":[{"id":405,"href":"https:\/\/natirosado.com\/en\/wp-json\/wp\/v2\/pages\/402\/revisions\/405"}],"wp:attachment":[{"href":"https:\/\/natirosado.com\/en\/wp-json\/wp\/v2\/media?parent=402"}],"curies":[{"name":"wp","href":"https:\/\/api.w.org\/{rel}","templated":true}]}}